





{"id":552,"date":"2025-09-29T08:53:21","date_gmt":"2025-09-29T06:53:21","guid":{"rendered":"https:\/\/tuba.mib.sk\/do-you-want-to-organize-an-event-at-tu-ba\/"},"modified":"2025-10-07T14:33:33","modified_gmt":"2025-10-07T12:33:33","slug":"do-you-want-to-organize-an-event-at-tu-ba","status":"publish","type":"page","link":"https:\/\/tuba.mib.sk\/en\/do-you-want-to-organize-an-event-at-tu-ba\/","title":{"rendered":"Do you want to organize an event at TU-BA?"},"content":{"rendered":"","protected":false},"excerpt":{"rendered":"","protected":false},"author":1,"featured_media":0,"parent":0,"menu_order":0,"comment_status":"closed","ping_status":"closed","template":"form.php","meta":{"_acf_changed":false},"class_list":["post-552","page","type-page","status-publish","hentry"],"acf":[],"yoast_head":"<!-- This site is optimized with the Yoast SEO plugin v26.1.1 - https:\/\/yoast.com\/wordpress\/plugins\/seo\/ -->\n<title>Do you want to organize an event at TU-BA? - TU-BA<\/title>\n<meta name=\"robots\" content=\"noindex, nofollow\" \/>\n<meta property=\"og:locale\" content=\"en_US\" \/>\n<meta property=\"og:type\" content=\"article\" \/>\n<meta property=\"og:title\" content=\"Do you want to organize an event at TU-BA? - TU-BA\" \/>\n<meta property=\"og:url\" content=\"https:\/\/tuba.mib.sk\/en\/do-you-want-to-organize-an-event-at-tu-ba\/\" \/>\n<meta property=\"og:site_name\" content=\"TU-BA\" \/>\n<meta property=\"article:publisher\" content=\"https:\/\/www.facebook.com\/people\/TU-BA-Tu-sa-tvor%c3%ad-Bratislava\/61570557293614\/?locale=sk_SK\" \/>\n<meta property=\"article:modified_time\" content=\"2025-10-07T12:33:33+00:00\" \/>\n<meta property=\"og:image\" content=\"https:\/\/tuba.mib.sk\/wp-content\/uploads\/2026\/01\/20251021_115003000_iOS-scaled.jpg\" \/>\n\t<meta property=\"og:image:width\" content=\"2560\" \/>\n\t<meta property=\"og:image:height\" content=\"1707\" \/>\n\t<meta property=\"og:image:type\" content=\"image\/jpeg\" \/>\n<meta name=\"twitter:card\" content=\"summary_large_image\" \/>\n<script type=\"application\/ld+json\" class=\"yoast-schema-graph\">{\"@context\":\"https:\/\/schema.org\",\"@graph\":[{\"@type\":\"WebPage\",\"@id\":\"https:\/\/tuba.mib.sk\/en\/do-you-want-to-organize-an-event-at-tu-ba\/\",\"url\":\"https:\/\/tuba.mib.sk\/en\/do-you-want-to-organize-an-event-at-tu-ba\/\",\"name\":\"Do you want to organize an event at TU-BA? - TU-BA\",\"isPartOf\":{\"@id\":\"https:\/\/tuba.mib.sk\/en\/#website\"},\"datePublished\":\"2025-09-29T06:53:21+00:00\",\"dateModified\":\"2025-10-07T12:33:33+00:00\",\"breadcrumb\":{\"@id\":\"https:\/\/tuba.mib.sk\/en\/do-you-want-to-organize-an-event-at-tu-ba\/#breadcrumb\"},\"inLanguage\":\"en-US\",\"potentialAction\":[{\"@type\":\"ReadAction\",\"target\":[\"https:\/\/tuba.mib.sk\/en\/do-you-want-to-organize-an-event-at-tu-ba\/\"]}]},{\"@type\":\"BreadcrumbList\",\"@id\":\"https:\/\/tuba.mib.sk\/en\/do-you-want-to-organize-an-event-at-tu-ba\/#breadcrumb\",\"itemListElement\":[{\"@type\":\"ListItem\",\"position\":1,\"name\":\"Domovsk\u00e1 str\u00e1nka\",\"item\":\"https:\/\/tuba.mib.sk\/en\/\"},{\"@type\":\"ListItem\",\"position\":2,\"name\":\"Do you want to organize an event at TU-BA?\"}]},{\"@type\":\"WebSite\",\"@id\":\"https:\/\/tuba.mib.sk\/en\/#website\",\"url\":\"https:\/\/tuba.mib.sk\/en\/\",\"name\":\"TU-BA\",\"description\":\"Space for our city\",\"publisher\":{\"@id\":\"https:\/\/tuba.mib.sk\/en\/#organization\"},\"potentialAction\":[{\"@type\":\"SearchAction\",\"target\":{\"@type\":\"EntryPoint\",\"urlTemplate\":\"https:\/\/tuba.mib.sk\/en\/?s={search_term_string}\"},\"query-input\":{\"@type\":\"PropertyValueSpecification\",\"valueRequired\":true,\"valueName\":\"search_term_string\"}}],\"inLanguage\":\"en-US\"},{\"@type\":\"Organization\",\"@id\":\"https:\/\/tuba.mib.sk\/en\/#organization\",\"name\":\"Metropolitn\u00fd in\u0161tit\u00fat Bratislavy\",\"url\":\"https:\/\/tuba.mib.sk\/en\/\",\"logo\":{\"@type\":\"ImageObject\",\"inLanguage\":\"en-US\",\"@id\":\"https:\/\/tuba.mib.sk\/en\/#\/schema\/logo\/image\/\",\"url\":\"https:\/\/tuba.mib.sk\/wp-content\/uploads\/2025\/03\/mib-logo-blue.svg\",\"contentUrl\":\"https:\/\/tuba.mib.sk\/wp-content\/uploads\/2025\/03\/mib-logo-blue.svg\",\"width\":1,\"height\":1,\"caption\":\"Metropolitn\u00fd in\u0161tit\u00fat Bratislavy\"},\"image\":{\"@id\":\"https:\/\/tuba.mib.sk\/en\/#\/schema\/logo\/image\/\"},\"sameAs\":[\"https:\/\/www.facebook.com\/people\/TU-BA-Tu-sa-tvor\u00ed-Bratislava\/61570557293614\/?locale=sk_SK\",\"https:\/\/www.instagram.com\/tuba_bratislava\/\"]}]}<\/script>\n<!-- \/ Yoast SEO plugin. -->","yoast_head_json":{"title":"Do you want to organize an event at TU-BA? - TU-BA","robots":{"index":"noindex","follow":"nofollow"},"og_locale":"en_US","og_type":"article","og_title":"Do you want to organize an event at TU-BA? - TU-BA","og_url":"https:\/\/tuba.mib.sk\/en\/do-you-want-to-organize-an-event-at-tu-ba\/","og_site_name":"TU-BA","article_publisher":"https:\/\/www.facebook.com\/people\/TU-BA-Tu-sa-tvor%c3%ad-Bratislava\/61570557293614\/?locale=sk_SK","article_modified_time":"2025-10-07T12:33:33+00:00","og_image":[{"width":2560,"height":1707,"url":"https:\/\/tuba.mib.sk\/wp-content\/uploads\/2026\/01\/20251021_115003000_iOS-scaled.jpg","type":"image\/jpeg"}],"twitter_card":"summary_large_image","schema":{"@context":"https:\/\/schema.org","@graph":[{"@type":"WebPage","@id":"https:\/\/tuba.mib.sk\/en\/do-you-want-to-organize-an-event-at-tu-ba\/","url":"https:\/\/tuba.mib.sk\/en\/do-you-want-to-organize-an-event-at-tu-ba\/","name":"Do you want to organize an event at TU-BA? - TU-BA","isPartOf":{"@id":"https:\/\/tuba.mib.sk\/en\/#website"},"datePublished":"2025-09-29T06:53:21+00:00","dateModified":"2025-10-07T12:33:33+00:00","breadcrumb":{"@id":"https:\/\/tuba.mib.sk\/en\/do-you-want-to-organize-an-event-at-tu-ba\/#breadcrumb"},"inLanguage":"en-US","potentialAction":[{"@type":"ReadAction","target":["https:\/\/tuba.mib.sk\/en\/do-you-want-to-organize-an-event-at-tu-ba\/"]}]},{"@type":"BreadcrumbList","@id":"https:\/\/tuba.mib.sk\/en\/do-you-want-to-organize-an-event-at-tu-ba\/#breadcrumb","itemListElement":[{"@type":"ListItem","position":1,"name":"Domovsk\u00e1 str\u00e1nka","item":"https:\/\/tuba.mib.sk\/en\/"},{"@type":"ListItem","position":2,"name":"Do you want to organize an event at TU-BA?"}]},{"@type":"WebSite","@id":"https:\/\/tuba.mib.sk\/en\/#website","url":"https:\/\/tuba.mib.sk\/en\/","name":"TU-BA","description":"Space for our city","publisher":{"@id":"https:\/\/tuba.mib.sk\/en\/#organization"},"potentialAction":[{"@type":"SearchAction","target":{"@type":"EntryPoint","urlTemplate":"https:\/\/tuba.mib.sk\/en\/?s={search_term_string}"},"query-input":{"@type":"PropertyValueSpecification","valueRequired":true,"valueName":"search_term_string"}}],"inLanguage":"en-US"},{"@type":"Organization","@id":"https:\/\/tuba.mib.sk\/en\/#organization","name":"Metropolitn\u00fd in\u0161tit\u00fat Bratislavy","url":"https:\/\/tuba.mib.sk\/en\/","logo":{"@type":"ImageObject","inLanguage":"en-US","@id":"https:\/\/tuba.mib.sk\/en\/#\/schema\/logo\/image\/","url":"https:\/\/tuba.mib.sk\/wp-content\/uploads\/2025\/03\/mib-logo-blue.svg","contentUrl":"https:\/\/tuba.mib.sk\/wp-content\/uploads\/2025\/03\/mib-logo-blue.svg","width":1,"height":1,"caption":"Metropolitn\u00fd in\u0161tit\u00fat Bratislavy"},"image":{"@id":"https:\/\/tuba.mib.sk\/en\/#\/schema\/logo\/image\/"},"sameAs":["https:\/\/www.facebook.com\/people\/TU-BA-Tu-sa-tvor\u00ed-Bratislava\/61570557293614\/?locale=sk_SK","https:\/\/www.instagram.com\/tuba_bratislava\/"]}]}},"_links":{"self":[{"href":"https:\/\/tuba.mib.sk\/en\/wp-json\/wp\/v2\/pages\/552","targetHints":{"allow":["GET"]}}],"collection":[{"href":"https:\/\/tuba.mib.sk\/en\/wp-json\/wp\/v2\/pages"}],"about":[{"href":"https:\/\/tuba.mib.sk\/en\/wp-json\/wp\/v2\/types\/page"}],"author":[{"embeddable":true,"href":"https:\/\/tuba.mib.sk\/en\/wp-json\/wp\/v2\/users\/1"}],"replies":[{"embeddable":true,"href":"https:\/\/tuba.mib.sk\/en\/wp-json\/wp\/v2\/comments?post=552"}],"version-history":[{"count":2,"href":"https:\/\/tuba.mib.sk\/en\/wp-json\/wp\/v2\/pages\/552\/revisions"}],"predecessor-version":[{"id":573,"href":"https:\/\/tuba.mib.sk\/en\/wp-json\/wp\/v2\/pages\/552\/revisions\/573"}],"wp:attachment":[{"href":"https:\/\/tuba.mib.sk\/en\/wp-json\/wp\/v2\/media?parent=552"}],"curies":[{"name":"wp","href":"https:\/\/api.w.org\/{rel}","templated":true}]}}